{"id":3,"date":"2021-09-01T17:24:46","date_gmt":"2021-09-01T15:24:46","guid":{"rendered":"https:\/\/stratconseil.com\/?page_id=3"},"modified":"2021-11-26T22:21:19","modified_gmt":"2021-11-26T21:21:19","slug":"politique-de-confidentialite","status":"publish","type":"page","link":"https:\/\/stratconseil.com\/index.php\/politique-de-confidentialite\/","title":{"rendered":"Politique de confidentialit\u00e9"},"content":{"rendered":"\n<h2 class=\"wp-block-heading\">Qui sommes-nous&nbsp;?<\/h2>\n\n\n\n<p>L\u2019adresse de notre site Web est\u00a0: https:\/\/stratconseil.com<\/p>\n\n\n\n<p>La pr\u00e9sente page traite de la mani\u00e8re dont Strat&rsquo;Osph\u00e8re Ltd utilise et prot\u00e8ge les informations que vous lui transmettez, le cas \u00e9ch\u00e9ant, lorsque vous utilisez ses diff\u00e9rentes plateformes.<\/p>\n\n\n\n<p>Veuillez noter que cette Politique de Confidentialit\u00e9 est susceptible d\u2019\u00eatre modifi\u00e9e ou compl\u00e9t\u00e9e par Strat&rsquo;Osph\u00e8re Ltd, notamment en vue d\u2019une mise en conformit\u00e9 relative \u00e0 toute \u00e9volution l\u00e9gislative, r\u00e9glementaire, jurisprudentielle ou technologique. Dans un tel cas, la date de sa mise \u00e0 jour sera clairement stipul\u00e9e en t\u00eate de la pr\u00e9sente page. Ces modifications engagent l\u2019Utilisateur d\u00e8s leur mise en ligne. Il convient par cons\u00e9quent \u00e0 ce dernier de consulter r\u00e9guli\u00e8rement la pr\u00e9sente politique de confidentialit\u00e9 et d\u2019utilisation des cookies afin de prendre connaissance d\u2019\u00e9ventuelles mises \u00e0 jour.<\/p>\n\n\n\n<h4 class=\"wp-block-heading\">&nbsp;<\/h4>\n\n\n\n<h2 class=\"wp-block-heading\">I. DONN\u00c9ES PERSONNELLES<\/h2>\n\n\n\n<p>Dans l\u2019absolu, il vous est possible de visiter le Site de Strat&rsquo;Osph\u00e8re Ltd sans communiquer aucune information personnelle vous concernant. Vous n\u2019\u00eates en aucune mani\u00e8re oblig\u00e9 de transmettre quelconque information \u00e0 Strat&rsquo;Osph\u00e8re Ltd.<\/p>\n\n\n\n<p>Cependant, il se peut, en cas de refus, que vous ne puissiez pas acc\u00e9der \u00e0 toutes les informations ou services que vous avez demand\u00e9s. \u00c0 ce titre, Strat&rsquo;Osph\u00e8re Ltd peut en effet \u00eatre amen\u00e9 dans certains cas \u00e0 vous demander de renseigner votre pr\u00e9nom, adresse mail et postale et\/ou num\u00e9ro de t\u00e9l\u00e9phone (ci-apr\u00e8s vos \u00ab Informations Personnelles \u00bb). En fournissant ces informations, vous acceptez express\u00e9ment qu\u2019elles soient utilis\u00e9es par Strat&rsquo;Osph\u00e8re Ltd, aux fins stipul\u00e9es au point 2 ci-dessous ainsi qu\u2019\u00e0 celles mentionn\u00e9es \u00e0 la fin de chaque formulaire.<\/p>\n\n\n\n<p>Conform\u00e9ment au R\u00e8glement G\u00e9n\u00e9ral sur la Protection des Donn\u00e9es (General Data Protection R\u00e9gulation) adopt\u00e9 par le Parlement europ\u00e9en le 14 avril 2016, et \u00e0 la Loi Informatique et Libert\u00e9s du 6 janvier 1978 modifi\u00e9e, Strat&rsquo;Osph\u00e8re Ltd vous informe des points suivants :<\/p>\n\n\n\n<h2 class=\"wp-block-heading\">1. Identit\u00e9 du responsable du traitement<\/h2>\n\n\n\n<p>Le responsable du traitement est la soci\u00e9t\u00e9 Strat&rsquo;Osph\u00e8re Ltd&nbsp;<\/p>\n\n\n\n<p>Adresse du Si\u00e8ge Social :<\/p>\n\n\n\n<p>Strat\u2019Osph\u00e8re Ltd,<\/p>\n\n\n\n<p>76 Rue Barclay, Rose-Hill&nbsp;<\/p>\n\n\n\n<p>Ile Maurice.<\/p>\n\n\n\n<p>TEL : +23059418226<\/p>\n\n\n\n<p>BRN: C21182409<\/p>\n\n\n\n<h2 class=\"wp-block-heading\">2. Finalit\u00e9s du traitement<\/h2>\n\n\n\n<p>Strat&rsquo;Osph\u00e8re Ltd est susceptible de traiter vos Informations Personnelles :<\/p>\n\n\n\n<p>(a) aux fins de vous fournir les informations et\/ou services que vous avez demand\u00e9 (notamment : l\u2019envoi d\u2019emails et Newsletters, ebooks, vid\u00e9os offres commerciales ou encore les r\u00e9ponses \u00e0 un quizz en ligne ; et\/ou<\/p>\n\n\n\n<p>(b) aux fins de recueillir des \u00e9l\u00e9ments lui permettant d\u2019am\u00e9liorer son Site, ses produits et\/ou services (notamment par le biais de cookies) ; et\/ou<\/p>\n\n\n\n<p>(c) aux fins de pouvoir vous contacter \u00e0 propos d&rsquo;\u00e9v\u00e9nements li\u00e9s \u00e0 Strat&rsquo;Osph\u00e8re Ltd, incluant notamment la mise \u00e0 jour de certaines fonctionnalit\u00e9s, le lancement de nouveaux produits et\/ou le support client.<\/p>\n\n\n\n<h2 class=\"wp-block-heading\">3. Destinataires<\/h2>\n\n\n\n<p>Strat&rsquo;Osph\u00e8re Ltd est seul destinataire de vos Informations Personnelles. Celles-ci, qu\u2019elles soient sous forme individuelle ou agr\u00e9g\u00e9e, ne seront jamais transmises \u00e0 un tiers, \u00e0 l\u2019exception des sous-traitants auxquels Strat&rsquo;Osph\u00e8re Ltd fait appel (plus d\u2019informations \u00e0 ce sujet cf. le point 7 ci-dessous). Ni Strat&rsquo;Osph\u00e8re Ltd, ni aucun de ses sous-traitants, ne proc\u00e8dent \u00e0 la commercialisation des donn\u00e9es personnelles des visiteurs et Utilisateurs de son Site.<\/p>\n\n\n\n<h2 class=\"wp-block-heading\">4. Dur\u00e9e de conservation<\/h2>\n\n\n\n<p>Vos Informations Personnelles sont conserv\u00e9es par Strat&rsquo;Osph\u00e8re Ltd uniquement pour le temps correspondant \u00e0 la finalit\u00e9 de la collecte tel qu\u2019indiqu\u00e9 en 2 ci-dessus, et ne saurait exc\u00e9der 2 ans.<\/p>\n\n\n\n<h2 class=\"wp-block-heading\">5. Droits Informatique et Libert\u00e9s<\/h2>\n\n\n\n<p>Vous disposez des droits suivants concernant vos Informations Personnelles, que vous pouvez exercer en \u00e9crivant \u00e0 Strat&rsquo;Osph\u00e8re Ltd \u00e0 l\u2019adresse postale mentionn\u00e9e au point 1 ou en envoyant un email \u00e0 l\u2019adresse <a href=\"mailto:contact@stratconseil.com\">contact@stratconseil.com<\/a>&nbsp;<\/p>\n\n\n\n<p>o Droit d\u2019acc\u00e8s et de communication des donn\u00e9es<\/p>\n\n\n\n<p>Vous avez la facult\u00e9 d\u2019acc\u00e9der aux Informations Personnelles qui vous concernent.<\/p>\n\n\n\n<p>Cependant, en raison de l\u2019obligation de s\u00e9curit\u00e9 et de confidentialit\u00e9 dans le traitement des donn\u00e9es \u00e0 caract\u00e8re personnel qui incombe \u00e0 Strat&rsquo;Osph\u00e8re Ltd, votre demande sera trait\u00e9e sous r\u00e9serve que vous puissiez apporter la preuve de votre identit\u00e9, notamment par une copie (num\u00e9rique ou papier) d\u2019un titre d\u2019identit\u00e9 valide.<\/p>\n\n\n\n<p>Strat&rsquo;Osph\u00e8re Ltd&nbsp; vous informe qu\u2019elle se r\u00e9serve le droit, le cas \u00e9ch\u00e9ant, de refuser les demandes manifestement abusives (soit de par leur nombre, soit de par leur caract\u00e8re r\u00e9p\u00e9titif et\/ou syst\u00e9matique).<\/p>\n\n\n\n<p>Pour vous aider dans vos d\u00e9marches, vous trouverez un mod\u00e8le de courrier \u00e9labor\u00e9 par la Commission Nationale de l\u2019Informatique et des Libert\u00e9s (la \u00ab CNIL \u00bb) en cliquant sur le lien suivant :<\/p>\n\n\n\n<p><a href=\"https:\/\/www.cnil.fr\/fr\/modele\/courrier\/exercer-son-droit-dacces\">https:\/\/www.cnil.fr\/fr\/modele\/courrier\/exercer-son-droit-dacces<\/a><\/p>\n\n\n\n<p>o Droit de rectification des donn\u00e9es<\/p>\n\n\n\n<p>La l\u00e9gislation vous habilite \u00e0 demander la rectification, la mise \u00e0 jour, le verrouillage ou encore l\u2019effacement des donn\u00e9es vous concernant qui peuvent s\u2019av\u00e9rer le cas \u00e9ch\u00e9ant inexactes, erron\u00e9es, incompl\u00e8tes ou obsol\u00e8tes.<\/p>\n\n\n\n<p>\u00c9galement, vous pouvez d\u00e9finir des directives concernant le sort des donn\u00e9es \u00e0 caract\u00e8re personnel apr\u00e8s votre d\u00e9c\u00e8s. Le cas \u00e9ch\u00e9ant, les h\u00e9ritiers d\u2019une personne d\u00e9c\u00e9d\u00e9e peuvent exiger la prise en consid\u00e9ration du d\u00e9c\u00e8s de leur proche et\/ou proc\u00e9der aux mises \u00e0 jour n\u00e9cessaires.<\/p>\n\n\n\n<p>Pour vous aider dans votre d\u00e9marche, vous trouverez en cliquant sur le lien suivant un mod\u00e8le de courrier \u00e9labor\u00e9 par la CNIL \u00e0 renvoyer compl\u00e9t\u00e9 \u00e0 l\u2019adresse postale mentionn\u00e9e au point 1.<\/p>\n\n\n\n<p><a href=\"https:\/\/www.cnil.fr\/fr\/modele\/courrier\/rectifier-des-donnees-inexactes-obsoletes-ou-perimees\">https:\/\/www.cnil.fr\/fr\/modele\/courrier\/rectifier-des-donnees-inexactes-obsoletes-ou-perimees<\/a><\/p>\n\n\n\n<p>o Droit d\u2019opposition<\/p>\n\n\n\n<p>L\u2019exercice de ce droit n\u2019est possible que dans l\u2019une des deux situations suivantes :<\/p>\n\n\n\n<p>Lorsque l\u2019exercice de ce droit est fond\u00e9 sur des motifs l\u00e9gitimes ; ou<\/p>\n\n\n\n<p>Lorsque l\u2019exercice de ce droit vise \u00e0 faire obstacle \u00e0 ce que les donn\u00e9es recueillies soient utilis\u00e9es \u00e0 des fins de prospection commerciale.<\/p>\n\n\n\n<p>Pour vous aider dans votre d\u00e9marche, vous trouverez en cliquant sur le lien suivant un mod\u00e8le de courrier \u00e9labor\u00e9 par la CNIL \u00e0 renvoyer compl\u00e9t\u00e9 \u00e0 l\u2019adresse postale mentionn\u00e9e au point 1 :<\/p>\n\n\n\n<p><a href=\"https:\/\/www.cnil.fr\/fr\/modele\/courrier\/supprimer-des-informations-vous-concernant-dun-site-internet\">https:\/\/www.cnil.fr\/fr\/modele\/courrier\/supprimer-des-informations-vous-concernant-dun-site-internet<\/a><\/p>\n\n\n\n<h2 class=\"wp-block-heading\">6. D\u00e9lais de r\u00e9ponse<\/h2>\n\n\n\n<p>Strat&rsquo;Osph\u00e8re Ltd&nbsp; s\u2019engage \u00e0 r\u00e9pondre \u00e0 votre demande d\u2019acc\u00e8s, de rectification ou d\u2019opposition ou toute autre demande d\u2019informations dans un d\u00e9lai raisonnable, et au maximum d\u20191 mois \u00e0 compter de la date de r\u00e9ception de votre demande.<\/p>\n\n\n\n<h2 class=\"wp-block-heading\">7. Prestataires habilit\u00e9s et transfert vers un pays tiers de l\u2019Union Europ\u00e9enne<\/h2>\n\n\n\n<p>Strat&rsquo;Osph\u00e8re Ltd&nbsp; vous informe qu\u2019elle a recours \u00e0 ses prestataires habilit\u00e9s pour faciliter le recueil et le traitement des donn\u00e9es que vous nous avez communiqu\u00e9. Ces prestataires peuvent \u00eatre situ\u00e9s en dehors de l\u2019Union Europ\u00e9enne et peuvent avoir acc\u00e8s \u00e0 des donn\u00e9es recueillies par le biais des divers formulaires pr\u00e9sents sur le Site de Strat&rsquo;Osph\u00e8re Ltd.<\/p>\n\n\n\n<p>Strat&rsquo;Osph\u00e8re Ltd s\u2019est pr\u00e9alablement assur\u00e9e que ses prestataires offraient des garanties strictes en mati\u00e8re de confidentialit\u00e9, d\u2019usage et de protection des donn\u00e9es priv\u00e9es. Tout particuli\u00e8rement, la vigilance s\u2019est port\u00e9e sur l\u2019existence d\u2019un fondement l\u00e9gal pour effectuer un quelconque transfert de donn\u00e9es vers un pays tiers. \u00c0 ce titre, nos prestataires ob\u00e9issent non seulement \u00e0 des Clauses Contractuelles Types mais \u00e9galement au Privacy Shield, lorsque situ\u00e9s aux \u00c9tats-Unis.<\/p>\n\n\n\n<h2 class=\"wp-block-heading\">8. Plainte aupr\u00e8s de l\u2019autorit\u00e9 comp\u00e9tente<\/h2>\n\n\n\n<p>Si vous consid\u00e9rez que Strat&rsquo;Osph\u00e8re Ltd ne respecte pas ses obligations au regard de vos Informations Personnelles, vous pouvez adresser une plainte ou une demande aupr\u00e8s de l\u2019autorit\u00e9 comp\u00e9tente.<\/p>\n\n\n\n<p>En France, l\u2019autorit\u00e9 comp\u00e9tente est la CNIL \u00e0 laquelle vous pouvez adresser une demande par voie \u00e9lectronique en cliquant sur le lien suivant : <a href=\"https:\/\/www.cnil.fr\/fr\/plaintes\/internet\">https:\/\/www.cnil.fr\/fr\/plaintes\/internet<\/a>&nbsp;<\/p>\n\n\n\n<h1 class=\"wp-block-heading\">II. POLITIQUE RELATIVE AUX COOKIES<\/h1>\n\n\n\n<p>Lors de votre premi\u00e8re visite sur le Site de Strat&rsquo;Osph\u00e8re Ltd, vous \u00eates avertis par un bandeau en bas de l\u2019\u00e9cran que des informations relatives \u00e0 votre navigation sont susceptibles d\u2019\u00eatre enregistr\u00e9es dans des fichiers appel\u00e9s \u00ab cookies \u00bb.<\/p>\n\n\n\n<p>La pr\u00e9sente politique d\u2019utilisation des cookies vous informe notamment sur l\u2019ensemble des cookies pr\u00e9sents sur le Site de Strat&rsquo;Osph\u00e8re Ltd, leur finalit\u00e9 (partie I.) et vous donne la marche \u00e0 suivre pour les param\u00e9trer (partie II.)<\/p>\n\n\n\n<h2 class=\"wp-block-heading\">1. Informations g\u00e9n\u00e9rales sur les cookies pr\u00e9sents sur le Site de Strat&rsquo;Osph\u00e8re Ltd<\/h2>\n\n\n\n<p>Strat&rsquo;Osph\u00e8re Ltd, en tant qu\u2019\u00e9diteur des sites internet mentionn\u00e9s en pr\u00e9ambule, vous informe qu\u2019elle peut proc\u00e9der \u00e0 l\u2019implantation d\u2019un cookie sur le disque dur de votre terminal (ordinateur, tablette, mobile etc.) afin de vous garantir une navigation fluide et optimale sur ses sites Internet.<\/p>\n\n\n\n<p>Les \u00ab cookies \u00bb (ou t\u00e9moins de connexion) sont des petits fichiers texte de taille limit\u00e9e qui permettent de reconna\u00eetre votre ordinateur, votre tablette ou votre mobile dans le but de personnaliser les services qui vous seront propos\u00e9s.<\/p>\n\n\n\n<p>Les informations recueillies par le biais des cookies sont anonymes, et ne permettent en aucune mani\u00e8re de vous identifier nominativement. Elles sont utilis\u00e9es exclusivement pour am\u00e9liorer l\u2019interactivit\u00e9 et la performance des diff\u00e9rents sites internet, afin de vous adresser les contenus les plus appropri\u00e9s par rapport \u00e0 vos centres d\u2019int\u00e9r\u00eat.<\/p>\n\n\n\n<p>Aucune de ces informations ne saurait \u00eatre divulgu\u00e9e aupr\u00e8s d\u2019un tiers sauf dans le cas pr\u00e9alable de l\u2019obtention de votre consentement, ou lorsque la divulgation des d\u00eetes informations est requise par la loi, par exemple sur ordre d\u2019un tribunal ou toute autorit\u00e9 administrative ou judiciaire habilit\u00e9e.<\/p>\n\n\n\n<p>Pour mieux vous \u00e9clairer sur les informations que les cookies identifient, vous trouverez ci-dessous une liste d\u00e9taillant les diff\u00e9rents types de cookies susceptibles d\u2019\u00eatre utilis\u00e9s sur le Site de Strat&rsquo;Osph\u00e8re Ltd, leur nom, leur finalit\u00e9 ainsi que leur dur\u00e9e de conservation.<\/p>\n\n\n\n<h2 class=\"wp-block-heading\">2. Configuration de vos pr\u00e9f\u00e9rences sur les cookies<\/h2>\n\n\n\n<p>Vous pouvez accepter ou refuser le d\u00e9p\u00f4t de cookies \u00e0 tout moment<\/p>\n\n\n\n<p>Lors de votre premi\u00e8re visite sur le Site de Strat&rsquo;Osph\u00e8re Ltd, une banni\u00e8re appara\u00eet en bas de votre \u00e9cran. Cette banni\u00e8re vous avertit qu\u2019en poursuivant votre navigation sur le Site de Strat&rsquo;Osph\u00e8re Ltd (c\u2019est-\u00e0-dire en chargeant une nouvelle page ou en cliquant sur divers \u00e9l\u00e9ments du site par exemple), vous acceptez le d\u00e9p\u00f4t de cookies sur votre terminal. De la m\u00eame mani\u00e8re, en cliquant sur l\u2019ic\u00f4ne \u00ab X \u00bb \u00e0 droite de la banni\u00e8re figurant en bas de votre \u00e9cran, vous stipulez votre accord au d\u00e9p\u00f4t de cookies.<\/p>\n\n\n\n<p>a. Les cookies exempt\u00e9s de consentement<\/p>\n\n\n\n<p>Conform\u00e9ment aux recommandations de la Commission Nationale de l\u2019Informatique et des Libert\u00e9s (CNIL), certains cookies sont dispens\u00e9s du recueil pr\u00e9alable de votre consentement dans la mesure o\u00f9 ils sont strictement n\u00e9cessaires au fonctionnement du site internet ou ont pour finalit\u00e9 exclusive de permettre ou faciliter la communication par voie \u00e9lectronique. Il s\u2019agit notamment des cookies d\u2019identifiant de session, d\u2019authentification, de session d\u2019\u00e9quilibrage de charge ainsi que des cookies de personnalisation de votre interface. Ces cookies sont int\u00e9gralement soumis \u00e0 la pr\u00e9sente politique dans la mesure o\u00f9 ils sont \u00e9mis et g\u00e9r\u00e9s par Strat&rsquo;Osph\u00e8re Ltd.<\/p>\n\n\n\n<p>b. Les cookies n\u00e9cessitant le recueil pr\u00e9alable de votre consentement<\/p>\n\n\n\n<p>Cette exigence concerne les cookies \u00e9mis par des tiers et qui sont qualifi\u00e9s de \u00ab persistants \u00bb dans la mesure o\u00f9 ils demeurent dans votre terminal jusqu\u2019\u00e0 leur effacement ou leur date d\u2019expiration.<\/p>\n\n\n\n<p>De tels cookies \u00e9tant \u00e9mis par des tiers, leur utilisation et leur d\u00e9p\u00f4t sont soumis \u00e0 leurs propres politiques de confidentialit\u00e9 dont vous trouverez un lien ci-dessous. Cette famille de cookie regroupe les cookies de mesure d\u2019audience (notamment Google Analytics), les cookies publicitaires (auxquels Strat&rsquo;Osph\u00e8re Ltd n\u2019a pas recours) ainsi que les cookies de partage de r\u00e9seaux sociaux (notamment de Facebook, Instagram et YouTube).<\/p>\n\n\n\n<p>Les cookies de mesure d\u2019audience \u00e9tablissent des statistiques concernant la fr\u00e9quentation et l\u2019utilisation de divers \u00e9l\u00e9ments du site web (comme les contenus\/pages que vous avez visit\u00e9). Ces donn\u00e9es participent \u00e0 l\u2019am\u00e9lioration de l\u2019ergonomie du Site de Strat&rsquo;Osph\u00e8re Ltd.<\/p>\n\n\n\n<p>Un outil de mesure d\u2019audience est utilis\u00e9 par Strat&rsquo;Osph\u00e8re Ltd :<\/p>\n\n\n\n<p>o Google Analytics dont la politique de confidentialit\u00e9 est disponible \u00e0 partir du lien suivant : <a href=\"https:\/\/www.google.fr\/intl\/fr\/policies\/technologies\/cookies\/\">https:\/\/www.google.fr\/intl\/fr\/policies\/technologies\/cookies\/<\/a>&nbsp;<\/p>\n\n\n\n<p>Les cookies de partage des r\u00e9seaux sociaux sont \u00e9mis et g\u00e9r\u00e9s par l\u2019\u00e9diteur du r\u00e9seau social concern\u00e9. Sous r\u00e9serve de votre consentement, ces cookies vous permettent de partager facilement une partie du contenu publi\u00e9 sur le site de Strat&rsquo;Osph\u00e8re Ltd, notamment par l\u2019interm\u00e9diaire d\u2019un \u00ab bouton \u00bb applicatif de partage selon le r\u00e9seau social concern\u00e9. 3 types de cookies de partage des r\u00e9seaux sociaux sont pr\u00e9sents sur le site de Strat&rsquo;Osph\u00e8re Ltd :<\/p>\n\n\n\n<p>o Facebook, dont vous pouvez consulter la politique en mati\u00e8re de cookies en cliquant sur le lien suivant : <a href=\"https:\/\/fr-fr.facebook.com\/policies\/cookies\/\">https:\/\/fr-fr.facebook.com\/policies\/cookies\/<\/a>&nbsp;<\/p>\n\n\n\n<p>o Instagram, dont vous pouvez consulter la politique en mati\u00e8re de cookies en cliquant sur le lien suivant : <a href=\"https:\/\/help.instagram.com\/1896641480634370\/\">https:\/\/help.instagram.com\/1896641480634370\/<\/a>&nbsp;<\/p>\n\n\n\n<p>o YouTube, dont vous trouverez la politique compl\u00e8te en mati\u00e8re de cookies \u00e0 partir du lien suivant : <a href=\"https:\/\/www.google.fr\/intl\/fr\/policies\/technologies\/cookies\/\">https:\/\/www.google.fr\/intl\/fr\/policies\/technologies\/cookies\/<\/a>&nbsp;<\/p>\n\n\n\n<p>c. Vous disposez de divers outils de param\u00e9trage des cookies<\/p>\n\n\n\n<p>La plupart des navigateurs Internet sont configur\u00e9s par d\u00e9faut de fa\u00e7on \u00e0 ce que le d\u00e9p\u00f4t de cookies soit autoris\u00e9. Votre navigateur vous offre l\u2019opportunit\u00e9 de modifier ces param\u00e8tres standards de mani\u00e8re \u00e0 ce que l\u2019ensemble des cookies soit rejet\u00e9 syst\u00e9matiquement ou bien \u00e0 ce qu\u2019une partie seulement des cookies soit accept\u00e9e ou refus\u00e9e en fonction de leur \u00e9metteur.<\/p>\n\n\n\n<p>ATTENTION : Le refus du d\u00e9p\u00f4t de cookies sur votre terminal est susceptible d\u2019alt\u00e9rer votre exp\u00e9rience-utilisateur ainsi que votre acc\u00e8s \u00e0 certains services ou fonctionnalit\u00e9s. Le cas \u00e9ch\u00e9ant, Strat&rsquo;Osph\u00e8re Ltd d\u00e9cline toute responsabilit\u00e9 concernant les cons\u00e9quences li\u00e9es \u00e0 la d\u00e9gradation de vos conditions de navigation qui interviennent en raison de votre choix de refuser, supprimer ou bloquer les cookies n\u00e9cessaires au fonctionnement du Site. Ces cons\u00e9quences ne sauraient constituer un dommage et vous ne pourrez pr\u00e9tendre \u00e0 aucune indemnit\u00e9 de ce fait.<\/p>\n\n\n\n<p>Votre navigateur vous permet \u00e9galement de supprimer les cookies existants sur votre terminal ou encore de vous signaler lorsque de nouveaux cookies sont susceptibles d\u2019\u00eatre d\u00e9pos\u00e9s sur votre terminal. Ces param\u00e9trages n\u2019ont pas d\u2019incidence sur votre navigation mais vous font perdre tout le b\u00e9n\u00e9fice apport\u00e9 par le cookie.<\/p>\n\n\n\n<p>Veuillez ci-dessous prendre connaissance des multiples outils mis \u00e0 votre disposition afin que vous puissiez param\u00e9trer les cookies d\u00e9pos\u00e9s sur votre terminal.<\/p>\n\n\n\n<p>d. Le param\u00e9trage de votre navigateur Internet<\/p>\n\n\n\n<p>Chaque navigateur Internet propose ses propres param\u00e8tres de gestion des cookies.<\/p>\n\n\n\n<p>Pour de plus amples informations concernant les outils de ma\u00eetrise des cookies, vous pouvez consulter le site internet de la CNIL : https:\/\/www.cnil.fr\/fr\/cookies-les-outils-pour-les-maitriser.<\/p>\n\n\n\n<p>Pour toute interrogation ou demande compl\u00e9mentaire d\u2019informations relative \u00e0 la pr\u00e9sente Politique de Confidentialit\u00e9, vous pouvez \u00e9crire \u00e0 Strat&rsquo;Osph\u00e8re Ltd \u00e0 l\u2019adresse postale mentionn\u00e9e au point 1.<\/p>\n","protected":false},"excerpt":{"rendered":"<p>Qui sommes-nous&nbsp;? L\u2019adresse de notre site Web est\u00a0: https:\/\/stratconseil.com La pr\u00e9sente page traite de la mani\u00e8re dont Strat&rsquo;Osph\u00e8re Ltd utilise et prot\u00e8ge les informations que vous lui transmettez, le cas&#8230;<\/p>\n","protected":false},"author":1,"featured_media":0,"parent":0,"menu_order":0,"comment_status":"closed","ping_status":"open","template":"","meta":[],"_links":{"self":[{"href":"https:\/\/stratconseil.com\/index.php\/wp-json\/wp\/v2\/pages\/3"}],"collection":[{"href":"https:\/\/stratconseil.com\/index.php\/wp-json\/wp\/v2\/pages"}],"about":[{"href":"https:\/\/stratconseil.com\/index.php\/wp-json\/wp\/v2\/types\/page"}],"author":[{"embeddable":true,"href":"https:\/\/stratconseil.com\/index.php\/wp-json\/wp\/v2\/users\/1"}],"replies":[{"embeddable":true,"href":"https:\/\/stratconseil.com\/index.php\/wp-json\/wp\/v2\/comments?post=3"}],"version-history":[{"count":5,"href":"https:\/\/stratconseil.com\/index.php\/wp-json\/wp\/v2\/pages\/3\/revisions"}],"predecessor-version":[{"id":335,"href":"https:\/\/stratconseil.com\/index.php\/wp-json\/wp\/v2\/pages\/3\/revisions\/335"}],"wp:attachment":[{"href":"https:\/\/stratconseil.com\/index.php\/wp-json\/wp\/v2\/media?parent=3"}],"curies":[{"name":"wp","href":"https:\/\/api.w.org\/{rel}","templated":true}]}}